{"id":2,"date":"2024-09-23T15:45:42","date_gmt":"2024-09-23T15:45:42","guid":{"rendered":"http:\/\/www.lagarrofera.net\/?page_id=2"},"modified":"2025-12-14T15:46:57","modified_gmt":"2025-12-14T15:46:57","slug":"pagina-ejemplo","status":"publish","type":"page","link":"https:\/\/www.lagarrofera.net\/en\/","title":{"rendered":"LA IMPORTANCIA DE UN BUEN PRODUCTO ARTESANO"},"content":{"rendered":"<figure class=\"wp-block-embed aligncenter is-type-video is-provider-vimeo wp-block-embed-vimeo wp-embed-aspect-16-9 wp-has-aspect-ratio\"><div class=\"wp-block-embed__wrapper\">\n<p class=\"responsive-video-wrap clr\"><iframe loading=\"lazy\" title=\"FINCA LA GARROFERA AOVE- Full Video\" src=\"https:\/\/player.vimeo.com\/video\/1074257300?h=650c351587&amp;dnt=1&amp;app_id=122963\" width=\"1200\" height=\"675\" frameborder=\"0\" allow=\"autoplay; fullscreen; picture-in-picture; clipboard-write; encrypted-media; web-share\" referrerpolicy=\"strict-origin-when-cross-origin\"><\/iframe><\/p>\n<\/div><\/figure>\n\n\n\n<div class=\"wp-block-group\"><div class=\"wp-block-group__inner-container is-layout-constrained wp-block-group-is-layout-constrained\">\n<p class=\"has-white-background-color has-background has-medium-font-size\"><mark style=\"background-color:rgba(0, 0, 0, 0);color:#624624\" class=\"has-inline-color\">En Finca La Garrofera sentimos gran amor y respeto hacia nuestra tierra y su fruto, aceitunas de variedad Alfafara.<\/mark><\/p>\n<\/div><\/div>\n\n\n\n<div class=\"wp-block-group\"><div class=\"wp-block-group__inner-container is-layout-constrained wp-block-group-is-layout-constrained\">\n<p class=\"has-white-background-color has-background has-medium-font-size\"><mark style=\"background-color:rgba(0, 0, 0, 0);color:#624624\" class=\"has-inline-color\"> Por ello, ofrecemos AOVE monovarietal , de producci\u00f3n local y artesanal desde nuestra finca en La Vall de Albaida. Ci\u00f1\u00e9ndonos a la tradici\u00f3n de la zona, garantizando calidad y accesibilidad, ya que el aceite de oliva virgen extra nunca debi\u00f3 concebirse como un bien fuera de nuestro alcance<\/mark><mark style=\"background-color:rgba(0, 0, 0, 0)\" class=\"has-inline-color has-white-color\">.<\/mark><\/p>\n<\/div><\/div>\n\n\n\n<figure class=\"wp-block-image alignwide size-large\"><img loading=\"lazy\" decoding=\"async\" width=\"1024\" height=\"683\" src=\"http:\/\/www.lagarrofera.net\/wp-content\/uploads\/2024\/10\/finca_la_garrofera_1-1024x683.jpeg\" alt=\"\" class=\"wp-image-27\" srcset=\"https:\/\/www.lagarrofera.net\/wp-content\/uploads\/2024\/10\/finca_la_garrofera_1-1024x683.jpeg 1024w, https:\/\/www.lagarrofera.net\/wp-content\/uploads\/2024\/10\/finca_la_garrofera_1-300x200.jpeg 300w, https:\/\/www.lagarrofera.net\/wp-content\/uploads\/2024\/10\/finca_la_garrofera_1-768x512.jpeg 768w, https:\/\/www.lagarrofera.net\/wp-content\/uploads\/2024\/10\/finca_la_garrofera_1-1536x1025.jpeg 1536w, https:\/\/www.lagarrofera.net\/wp-content\/uploads\/2024\/10\/finca_la_garrofera_1.jpeg 1988w\" sizes=\"auto, (max-width: 1024px) 100vw, 1024px\" \/><\/figure>\n\n\n\n<div class=\"wp-block-group alignfull\"><div class=\"wp-block-group__inner-container is-layout-constrained wp-block-group-is-layout-constrained\">\n<div class=\"wp-block-group alignfull has-white-background-color has-background\"><div class=\"wp-block-group__inner-container is-layout-constrained wp-block-group-is-layout-constrained\">\n<p class=\"has-white-background-color has-text-color has-background has-link-color has-medium-font-size wp-elements-752c39854c743ae390b7718692747f9b\" style=\"color:#6d4e3c\">Encuentra nuestro aceite de oliva virgen extra en el formato que m\u00e1s se ajuste a tus necesidades. Echa un vistazo a nuestro cat\u00e1logo<\/p>\n\n\n\n<div data-wp-interactive=\"core\/file\" class=\"wp-block-file aligncenter\"><object data-wp-bind--hidden=\"!state.hasPdfPreview\" hidden class=\"wp-block-file__embed\" data=\"https:\/\/www.lagarrofera.net\/wp-content\/uploads\/2025\/12\/Catalogo-Diciembre-2025-FINCA-LA-GARROFERA-1-1.pdf\" type=\"application\/pdf\" style=\"width:100%;height:670px\" aria-label=\"Embed of _Cat\u00e1logo Diciembre 2025- FINCA LA GARROFERA (1).\"><\/object><a id=\"wp-block-file--media-6fa22c08-5a00-49e7-a95d-0af670e0ce8a\" href=\"https:\/\/www.lagarrofera.net\/wp-content\/uploads\/2025\/12\/Catalogo-Diciembre-2025-FINCA-LA-GARROFERA-1-1.pdf\">_Cat\u00e1logo Diciembre 2025- FINCA LA GARROFERA (1)<\/a><a href=\"https:\/\/www.lagarrofera.net\/wp-content\/uploads\/2025\/12\/Catalogo-Diciembre-2025-FINCA-LA-GARROFERA-1-1.pdf\" class=\"wp-block-file__button wp-element-button\" download aria-describedby=\"wp-block-file--media-6fa22c08-5a00-49e7-a95d-0af670e0ce8a\">Descarga<\/a><\/div>\n<\/div><\/div>\n<\/div><\/div>\n\n\n\n<p><\/p>","protected":false},"excerpt":{"rendered":"<p>En Finca La Garrofera sentimos gran amor y respeto hacia nuestra tierra y su fruto, aceitunas de variedad Alfafara. Por ello, ofrecemos AOVE monovarietal , de producci\u00f3n local y artesanal desde nuestra finca en La Vall de Albaida. Ci\u00f1\u00e9ndonos a la tradici\u00f3n de la zona, garantizando calidad y accesibilidad, ya que el aceite de oliva [&hellip;]<\/p>","protected":false},"author":1,"featured_media":0,"parent":0,"menu_order":0,"comment_status":"closed","ping_status":"open","template":"","meta":{"footnotes":""},"class_list":["post-2","page","type-page","status-publish","hentry","entry"],"_links":{"self":[{"href":"https:\/\/www.lagarrofera.net\/en\/wp-json\/wp\/v2\/pages\/2","targetHints":{"allow":["GET"]}}],"collection":[{"href":"https:\/\/www.lagarrofera.net\/en\/wp-json\/wp\/v2\/pages"}],"about":[{"href":"https:\/\/www.lagarrofera.net\/en\/wp-json\/wp\/v2\/types\/page"}],"author":[{"embeddable":true,"href":"https:\/\/www.lagarrofera.net\/en\/wp-json\/wp\/v2\/users\/1"}],"replies":[{"embeddable":true,"href":"https:\/\/www.lagarrofera.net\/en\/wp-json\/wp\/v2\/comments?post=2"}],"version-history":[{"count":29,"href":"https:\/\/www.lagarrofera.net\/en\/wp-json\/wp\/v2\/pages\/2\/revisions"}],"predecessor-version":[{"id":306,"href":"https:\/\/www.lagarrofera.net\/en\/wp-json\/wp\/v2\/pages\/2\/revisions\/306"}],"wp:attachment":[{"href":"https:\/\/www.lagarrofera.net\/en\/wp-json\/wp\/v2\/media?parent=2"}],"curies":[{"name":"wp","href":"https:\/\/api.w.org\/{rel}","templated":true}]}}